{"id":340,"date":"2024-10-10T14:38:45","date_gmt":"2024-10-10T12:38:45","guid":{"rendered":"https:\/\/tpppts.pl\/konferencja\/?page_id=340"},"modified":"2025-10-20T17:46:33","modified_gmt":"2025-10-20T15:46:33","slug":"sponsorzy","status":"publish","type":"page","link":"https:\/\/tpppts.pl\/konferencja\/sponsorzy\/","title":{"rendered":"Sponsorzy"},"content":{"rendered":"\t\t<div data-elementor-type=\"wp-page\" data-elementor-id=\"340\" class=\"elementor elementor-340\" data-elementor-post-type=\"page\">\n\t\t\t\t<div class=\"elementor-element elementor-element-f7ee34c e-flex e-con-boxed e-con e-parent\" data-id=\"f7ee34c\" data-element_type=\"container\">\n\t\t\t\t\t<div class=\"e-con-inner\">\n\t\t<!-- dce invisible element b5ec700 --><!-- dce invisible element 1415b22 --><!-- dce invisible element 16f4c5e --><!-- dce invisible element 6edb113 --><!-- dce invisible element 3807940 -->\t\t<div class=\"elementor-element elementor-element-8d78551 elementor-widget elementor-widget-heading\" data-id=\"8d78551\" data-element_type=\"widget\" data-widget_type=\"heading.default\">\n\t\t\t\t<div class=\"elementor-widget-container\">\n\t\t\t<h2 class=\"elementor-heading-title elementor-size-default\">Wsp\u00f3\u0142praca ze Sponsorami i Partnerami<\/h2>\t\t<\/div>\n\t\t\t\t<\/div>\n\t\t\t\t<div class=\"elementor-element elementor-element-cc7935c elementor-widget elementor-widget-text-editor\" data-id=\"cc7935c\" data-element_type=\"widget\" data-widget_type=\"text-editor.default\">\n\t\t\t\t<div class=\"elementor-widget-container\">\n\t\t\t<style>\/*! elementor - v3.23.0 - 25-07-2024 *\/\n.elementor-widget-text-editor.elementor-drop-cap-view-stacked .elementor-drop-cap{background-color:#69727d;color:#fff}.elementor-widget-text-editor.elementor-drop-cap-view-framed .elementor-drop-cap{color:#69727d;border:3px solid;background-color:transparent}.elementor-widget-text-editor:not(.elementor-drop-cap-view-default) .elementor-drop-cap{margin-top:8px}.elementor-widget-text-editor:not(.elementor-drop-cap-view-default) .elementor-drop-cap-letter{width:1em;height:1em}.elementor-widget-text-editor .elementor-drop-cap{float:left;text-align:center;line-height:1;font-size:50px}.elementor-widget-text-editor .elementor-drop-cap-letter{display:inline-block}<\/style>\t\t\t\t<p>Podczas dwudniowej konferencji odb\u0119d\u0105 si\u0119 wyk\u0142ady plenarne, warsztaty oraz panele dyskusyjne, w kt\u00f3rych udzia\u0142 wezm\u0105 zaproszeni eksperci i uczestnicy wydarzenia. Organizacja tego przedsi\u0119wzi\u0119cia na tak du\u017c\u0105 skal\u0119 by\u0142aby trudna bez zaanga\u017cowania Sponsor\u00f3w. Zale\u017cy nam na wsp\u00f3\u0142pracy z firmami, dla kt\u00f3rych wspieranie wydarze\u0144 po\u015bwi\u0119conych zdrowiu psychicznemu dzieci i m\u0142odzie\u017cy jest znacz\u0105cym elementem spo\u0142ecznej odpowiedzialno\u015bci.\u00a0<\/p><p>Dzi\u0119kujemy naszym Sponsorom i Partnerom za wsparcie, dzi\u0119ki kt\u00f3remu mo\u017cliwe jest zorganizowanie tego wyj\u0105tkowego wydarzenia. Je\u015bli s\u0105 Pa\u0144stwo zainteresowani wsp\u00f3\u0142prac\u0105, prosimy o kontakt na adres:\u00a0<a href=\"mailto:konferencja@tpppts.pl\">konferencja@tpppts.pl<\/a><\/p>\t\t\t\t\t\t<\/div>\n\t\t\t\t<\/div>\n\t\t\t\t\t<\/div>\n\t\t\t\t<\/div>\n\t\t\t\t<\/div>\n\t\t","protected":false},"excerpt":{"rendered":"<p>Sponsor g\u0142\u00f3wny Partnerzy Wsp\u00f3\u0142praca ze Sponsorami i Partnerami Podczas dwudniowej konferencji odb\u0119d\u0105 si\u0119 wyk\u0142ady plenarne, warsztaty oraz panele dyskusyjne, w kt\u00f3rych udzia\u0142 wezm\u0105 zaproszeni eksperci i uczestnicy wydarzenia. Organizacja tego przedsi\u0119wzi\u0119cia na tak du\u017c\u0105 skal\u0119 by\u0142aby trudna bez zaanga\u017cowania Sponsor\u00f3w. Zale\u017cy nam na wsp\u00f3\u0142pracy z firmami, dla kt\u00f3rych wspieranie wydarze\u0144 po\u015bwi\u0119conych zdrowiu psychicznemu dzieci i [&hellip;]<\/p>\n","protected":false},"author":2,"featured_media":0,"parent":0,"menu_order":0,"comment_status":"closed","ping_status":"closed","template":"","meta":{"footnotes":""},"class_list":["post-340","page","type-page","status-publish","hentry"],"yoast_head":"<!-- This site is optimized with the Yoast SEO plugin v23.6 - https:\/\/yoast.com\/wordpress\/plugins\/seo\/ -->\n<title>Sponsorzy - TPPPTS<\/title>\n<meta name=\"robots\" content=\"index, follow, max-snippet:-1, max-image-preview:large, max-video-preview:-1\" \/>\n<link rel=\"canonical\" href=\"https:\/\/tpppts.pl\/konferencja\/sponsorzy\/\" \/>\n<meta property=\"og:locale\" content=\"pl_PL\" \/>\n<meta property=\"og:type\" content=\"article\" \/>\n<meta property=\"og:title\" content=\"Sponsorzy - TPPPTS\" \/>\n<meta property=\"og:description\" content=\"Sponsor g\u0142\u00f3wny Partnerzy Wsp\u00f3\u0142praca ze Sponsorami i Partnerami Podczas dwudniowej konferencji odb\u0119d\u0105 si\u0119 wyk\u0142ady plenarne, warsztaty oraz panele dyskusyjne, w kt\u00f3rych udzia\u0142 wezm\u0105 zaproszeni eksperci i uczestnicy wydarzenia. Organizacja tego przedsi\u0119wzi\u0119cia na tak du\u017c\u0105 skal\u0119 by\u0142aby trudna bez zaanga\u017cowania Sponsor\u00f3w. Zale\u017cy nam na wsp\u00f3\u0142pracy z firmami, dla kt\u00f3rych wspieranie wydarze\u0144 po\u015bwi\u0119conych zdrowiu psychicznemu dzieci i [&hellip;]\" \/>\n<meta property=\"og:url\" content=\"https:\/\/tpppts.pl\/konferencja\/sponsorzy\/\" \/>\n<meta property=\"og:site_name\" content=\"TPPPTS\" \/>\n<meta property=\"article:modified_time\" content=\"2025-10-20T15:46:33+00:00\" \/>\n<meta property=\"og:image\" content=\"https:\/\/tpppts.pl\/konferencja\/wp-content\/uploads\/2024\/10\/medice.png\" \/>\n\t<meta property=\"og:image:width\" content=\"800\" \/>\n\t<meta property=\"og:image:height\" content=\"230\" \/>\n\t<meta property=\"og:image:type\" content=\"image\/png\" \/>\n<meta name=\"twitter:card\" content=\"summary_large_image\" \/>\n<meta name=\"twitter:label1\" content=\"Szacowany czas czytania\" \/>\n\t<meta name=\"twitter:data1\" content=\"3 minuty\" \/>\n<script type=\"application\/ld+json\" class=\"yoast-schema-graph\">{\"@context\":\"https:\/\/schema.org\",\"@graph\":[{\"@type\":\"WebPage\",\"@id\":\"https:\/\/tpppts.pl\/konferencja\/sponsorzy\/\",\"url\":\"https:\/\/tpppts.pl\/konferencja\/sponsorzy\/\",\"name\":\"Sponsorzy - TPPPTS\",\"isPartOf\":{\"@id\":\"https:\/\/tpppts.pl\/konferencja\/#website\"},\"primaryImageOfPage\":{\"@id\":\"https:\/\/tpppts.pl\/konferencja\/sponsorzy\/#primaryimage\"},\"image\":{\"@id\":\"https:\/\/tpppts.pl\/konferencja\/sponsorzy\/#primaryimage\"},\"thumbnailUrl\":\"https:\/\/tpppts.pl\/konferencja\/wp-content\/uploads\/2024\/10\/medice.png\",\"datePublished\":\"2024-10-10T12:38:45+00:00\",\"dateModified\":\"2025-10-20T15:46:33+00:00\",\"breadcrumb\":{\"@id\":\"https:\/\/tpppts.pl\/konferencja\/sponsorzy\/#breadcrumb\"},\"inLanguage\":\"pl-PL\",\"potentialAction\":[{\"@type\":\"ReadAction\",\"target\":[\"https:\/\/tpppts.pl\/konferencja\/sponsorzy\/\"]}]},{\"@type\":\"ImageObject\",\"inLanguage\":\"pl-PL\",\"@id\":\"https:\/\/tpppts.pl\/konferencja\/sponsorzy\/#primaryimage\",\"url\":\"https:\/\/tpppts.pl\/konferencja\/wp-content\/uploads\/2024\/10\/medice.png\",\"contentUrl\":\"https:\/\/tpppts.pl\/konferencja\/wp-content\/uploads\/2024\/10\/medice.png\",\"width\":800,\"height\":230},{\"@type\":\"BreadcrumbList\",\"@id\":\"https:\/\/tpppts.pl\/konferencja\/sponsorzy\/#breadcrumb\",\"itemListElement\":[{\"@type\":\"ListItem\",\"position\":1,\"name\":\"Strona g\u0142\u00f3wna\",\"item\":\"https:\/\/tpppts.pl\/konferencja\/\"},{\"@type\":\"ListItem\",\"position\":2,\"name\":\"Sponsorzy\"}]},{\"@type\":\"WebSite\",\"@id\":\"https:\/\/tpppts.pl\/konferencja\/#website\",\"url\":\"https:\/\/tpppts.pl\/konferencja\/\",\"name\":\"TPPPTS\",\"description\":\"\",\"potentialAction\":[{\"@type\":\"SearchAction\",\"target\":{\"@type\":\"EntryPoint\",\"urlTemplate\":\"https:\/\/tpppts.pl\/konferencja\/?s={search_term_string}\"},\"query-input\":{\"@type\":\"PropertyValueSpecification\",\"valueRequired\":true,\"valueName\":\"search_term_string\"}}],\"inLanguage\":\"pl-PL\"}]}<\/script>\n<!-- \/ Yoast SEO plugin. -->","yoast_head_json":{"title":"Sponsorzy - TPPPTS","robots":{"index":"index","follow":"follow","max-snippet":"max-snippet:-1","max-image-preview":"max-image-preview:large","max-video-preview":"max-video-preview:-1"},"canonical":"https:\/\/tpppts.pl\/konferencja\/sponsorzy\/","og_locale":"pl_PL","og_type":"article","og_title":"Sponsorzy - TPPPTS","og_description":"Sponsor g\u0142\u00f3wny Partnerzy Wsp\u00f3\u0142praca ze Sponsorami i Partnerami Podczas dwudniowej konferencji odb\u0119d\u0105 si\u0119 wyk\u0142ady plenarne, warsztaty oraz panele dyskusyjne, w kt\u00f3rych udzia\u0142 wezm\u0105 zaproszeni eksperci i uczestnicy wydarzenia. Organizacja tego przedsi\u0119wzi\u0119cia na tak du\u017c\u0105 skal\u0119 by\u0142aby trudna bez zaanga\u017cowania Sponsor\u00f3w. Zale\u017cy nam na wsp\u00f3\u0142pracy z firmami, dla kt\u00f3rych wspieranie wydarze\u0144 po\u015bwi\u0119conych zdrowiu psychicznemu dzieci i [&hellip;]","og_url":"https:\/\/tpppts.pl\/konferencja\/sponsorzy\/","og_site_name":"TPPPTS","article_modified_time":"2025-10-20T15:46:33+00:00","og_image":[{"width":800,"height":230,"url":"https:\/\/tpppts.pl\/konferencja\/wp-content\/uploads\/2024\/10\/medice.png","type":"image\/png"}],"twitter_card":"summary_large_image","twitter_misc":{"Szacowany czas czytania":"3 minuty"},"schema":{"@context":"https:\/\/schema.org","@graph":[{"@type":"WebPage","@id":"https:\/\/tpppts.pl\/konferencja\/sponsorzy\/","url":"https:\/\/tpppts.pl\/konferencja\/sponsorzy\/","name":"Sponsorzy - TPPPTS","isPartOf":{"@id":"https:\/\/tpppts.pl\/konferencja\/#website"},"primaryImageOfPage":{"@id":"https:\/\/tpppts.pl\/konferencja\/sponsorzy\/#primaryimage"},"image":{"@id":"https:\/\/tpppts.pl\/konferencja\/sponsorzy\/#primaryimage"},"thumbnailUrl":"https:\/\/tpppts.pl\/konferencja\/wp-content\/uploads\/2024\/10\/medice.png","datePublished":"2024-10-10T12:38:45+00:00","dateModified":"2025-10-20T15:46:33+00:00","breadcrumb":{"@id":"https:\/\/tpppts.pl\/konferencja\/sponsorzy\/#breadcrumb"},"inLanguage":"pl-PL","potentialAction":[{"@type":"ReadAction","target":["https:\/\/tpppts.pl\/konferencja\/sponsorzy\/"]}]},{"@type":"ImageObject","inLanguage":"pl-PL","@id":"https:\/\/tpppts.pl\/konferencja\/sponsorzy\/#primaryimage","url":"https:\/\/tpppts.pl\/konferencja\/wp-content\/uploads\/2024\/10\/medice.png","contentUrl":"https:\/\/tpppts.pl\/konferencja\/wp-content\/uploads\/2024\/10\/medice.png","width":800,"height":230},{"@type":"BreadcrumbList","@id":"https:\/\/tpppts.pl\/konferencja\/sponsorzy\/#breadcrumb","itemListElement":[{"@type":"ListItem","position":1,"name":"Strona g\u0142\u00f3wna","item":"https:\/\/tpppts.pl\/konferencja\/"},{"@type":"ListItem","position":2,"name":"Sponsorzy"}]},{"@type":"WebSite","@id":"https:\/\/tpppts.pl\/konferencja\/#website","url":"https:\/\/tpppts.pl\/konferencja\/","name":"TPPPTS","description":"","potentialAction":[{"@type":"SearchAction","target":{"@type":"EntryPoint","urlTemplate":"https:\/\/tpppts.pl\/konferencja\/?s={search_term_string}"},"query-input":{"@type":"PropertyValueSpecification","valueRequired":true,"valueName":"search_term_string"}}],"inLanguage":"pl-PL"}]}},"_links":{"self":[{"href":"https:\/\/tpppts.pl\/konferencja\/wp-json\/wp\/v2\/pages\/340","targetHints":{"allow":["GET"]}}],"collection":[{"href":"https:\/\/tpppts.pl\/konferencja\/wp-json\/wp\/v2\/pages"}],"about":[{"href":"https:\/\/tpppts.pl\/konferencja\/wp-json\/wp\/v2\/types\/page"}],"author":[{"embeddable":true,"href":"https:\/\/tpppts.pl\/konferencja\/wp-json\/wp\/v2\/users\/2"}],"replies":[{"embeddable":true,"href":"https:\/\/tpppts.pl\/konferencja\/wp-json\/wp\/v2\/comments?post=340"}],"version-history":[{"count":34,"href":"https:\/\/tpppts.pl\/konferencja\/wp-json\/wp\/v2\/pages\/340\/revisions"}],"predecessor-version":[{"id":1153,"href":"https:\/\/tpppts.pl\/konferencja\/wp-json\/wp\/v2\/pages\/340\/revisions\/1153"}],"wp:attachment":[{"href":"https:\/\/tpppts.pl\/konferencja\/wp-json\/wp\/v2\/media?parent=340"}],"curies":[{"name":"wp","href":"https:\/\/api.w.org\/{rel}","templated":true}]}}