{"id":313,"date":"2024-10-10T12:06:15","date_gmt":"2024-10-10T10:06:15","guid":{"rendered":"https:\/\/tpppts.pl\/konferencja\/?page_id=313"},"modified":"2024-10-10T12:11:35","modified_gmt":"2024-10-10T10:11:35","slug":"komitet-naukowy","status":"publish","type":"page","link":"https:\/\/tpppts.pl\/konferencja\/komitet-naukowy\/","title":{"rendered":"Komitet naukowy"},"content":{"rendered":"\t\t<div data-elementor-type=\"wp-page\" data-elementor-id=\"313\" class=\"elementor elementor-313\" data-elementor-post-type=\"page\">\n\t\t\t\t<div class=\"elementor-element elementor-element-19722d4 e-flex e-con-boxed e-con e-parent\" data-id=\"19722d4\" data-element_type=\"container\">\n\t\t\t\t\t<div class=\"e-con-inner\">\n\t\t<div class=\"elementor-element elementor-element-070a881 e-con-full e-flex e-con e-child\" data-id=\"070a881\" data-element_type=\"container\">\n\t\t\t\t<div class=\"elementor-element elementor-element-8a2c301 elementor-icon-list--layout-traditional elementor-list-item-link-full_width elementor-widget elementor-widget-icon-list\" data-id=\"8a2c301\" data-element_type=\"widget\" data-widget_type=\"icon-list.default\">\n\t\t\t\t<div class=\"elementor-widget-container\">\n\t\t\t<link rel=\"stylesheet\" href=\"https:\/\/tpppts.pl\/konferencja\/wp-content\/plugins\/elementor\/assets\/css\/widget-icon-list.min.css\">\t\t<ul class=\"elementor-icon-list-items\">\n\t\t\t\t\t\t\t<li class=\"elementor-icon-list-item\">\n\t\t\t\t\t\t\t\t\t\t\t<span class=\"elementor-icon-list-icon\">\n\t\t\t\t\t\t\t<i aria-hidden=\"true\" class=\"icon icon-checked\"><\/i>\t\t\t\t\t\t<\/span>\n\t\t\t\t\t\t\t\t\t\t<span class=\"elementor-icon-list-text\">Prof. dr hab. n. med. n. o zdr. Anita Bry\u0144ska<\/span>\n\t\t\t\t\t\t\t\t\t<\/li>\n\t\t\t\t\t\t\t\t<li class=\"elementor-icon-list-item\">\n\t\t\t\t\t\t\t\t\t\t\t<span class=\"elementor-icon-list-icon\">\n\t\t\t\t\t\t\t<i aria-hidden=\"true\" class=\"icon icon-checked\"><\/i>\t\t\t\t\t\t<\/span>\n\t\t\t\t\t\t\t\t\t\t<span class=\"elementor-icon-list-text\">Prof. dr hab. n. spo\u0142. Bernadetta Izydorczyk<\/span>\n\t\t\t\t\t\t\t\t\t<\/li>\n\t\t\t\t\t\t\t\t<li class=\"elementor-icon-list-item\">\n\t\t\t\t\t\t\t\t\t\t\t<span class=\"elementor-icon-list-icon\">\n\t\t\t\t\t\t\t<i aria-hidden=\"true\" class=\"icon icon-checked\"><\/i>\t\t\t\t\t\t<\/span>\n\t\t\t\t\t\t\t\t\t\t<span class=\"elementor-icon-list-text\">Prof. dr hab. n. med. Ma\u0142gorzata Janas-Kozik<\/span>\n\t\t\t\t\t\t\t\t\t<\/li>\n\t\t\t\t\t\t\t\t<li class=\"elementor-icon-list-item\">\n\t\t\t\t\t\t\t\t\t\t\t<span class=\"elementor-icon-list-icon\">\n\t\t\t\t\t\t\t<i aria-hidden=\"true\" class=\"icon icon-checked\"><\/i>\t\t\t\t\t\t<\/span>\n\t\t\t\t\t\t\t\t\t\t<span class=\"elementor-icon-list-text\">Dr n. o zdr. Anna Ka\u017amierczak-Mytkowska<\/span>\n\t\t\t\t\t\t\t\t\t<\/li>\n\t\t\t\t\t\t\t\t<li class=\"elementor-icon-list-item\">\n\t\t\t\t\t\t\t\t\t\t\t<span class=\"elementor-icon-list-icon\">\n\t\t\t\t\t\t\t<i aria-hidden=\"true\" class=\"icon icon-checked\"><\/i>\t\t\t\t\t\t<\/span>\n\t\t\t\t\t\t\t\t\t\t<span class=\"elementor-icon-list-text\">Dr n. med. n. o zdr. \u0141ukasz Konowa\u0142ek<\/span>\n\t\t\t\t\t\t\t\t\t<\/li>\n\t\t\t\t\t\t\t\t<li class=\"elementor-icon-list-item\">\n\t\t\t\t\t\t\t\t\t\t\t<span class=\"elementor-icon-list-icon\">\n\t\t\t\t\t\t\t<i aria-hidden=\"true\" class=\"icon icon-checked\"><\/i>\t\t\t\t\t\t<\/span>\n\t\t\t\t\t\t\t\t\t\t<span class=\"elementor-icon-list-text\">Dr n. med. Aleksandra Lewandowska<\/span>\n\t\t\t\t\t\t\t\t\t<\/li>\n\t\t\t\t\t\t\t\t<li class=\"elementor-icon-list-item\">\n\t\t\t\t\t\t\t\t\t\t\t<span class=\"elementor-icon-list-icon\">\n\t\t\t\t\t\t\t<i aria-hidden=\"true\" class=\"icon icon-checked\"><\/i>\t\t\t\t\t\t<\/span>\n\t\t\t\t\t\t\t\t\t\t<span class=\"elementor-icon-list-text\">Mgr Semko Lipiec<\/span>\n\t\t\t\t\t\t\t\t\t<\/li>\n\t\t\t\t\t\t\t\t<li class=\"elementor-icon-list-item\">\n\t\t\t\t\t\t\t\t\t\t\t<span class=\"elementor-icon-list-icon\">\n\t\t\t\t\t\t\t<i aria-hidden=\"true\" class=\"icon icon-checked\"><\/i>\t\t\t\t\t\t<\/span>\n\t\t\t\t\t\t\t\t\t\t<span class=\"elementor-icon-list-text\">Prof. dr hab. Ma\u0142gorzata Lipowska<\/span>\n\t\t\t\t\t\t\t\t\t<\/li>\n\t\t\t\t\t\t\t\t<li class=\"elementor-icon-list-item\">\n\t\t\t\t\t\t\t\t\t\t\t<span class=\"elementor-icon-list-icon\">\n\t\t\t\t\t\t\t<i aria-hidden=\"true\" class=\"icon icon-checked\"><\/i>\t\t\t\t\t\t<\/span>\n\t\t\t\t\t\t\t\t\t\t<span class=\"elementor-icon-list-text\">Dr n. med. Anna Pakalska-Korcala<\/span>\n\t\t\t\t\t\t\t\t\t<\/li>\n\t\t\t\t\t\t<\/ul>\n\t\t\t\t<\/div>\n\t\t\t\t<\/div>\n\t\t\t\t<\/div>\n\t\t<div class=\"elementor-element elementor-element-3afb4e4 e-con-full e-flex e-con e-child\" data-id=\"3afb4e4\" data-element_type=\"container\">\n\t\t\t\t<div class=\"elementor-element elementor-element-8abbeff elementor-icon-list--layout-traditional elementor-list-item-link-full_width elementor-widget elementor-widget-icon-list\" data-id=\"8abbeff\" data-element_type=\"widget\" data-widget_type=\"icon-list.default\">\n\t\t\t\t<div class=\"elementor-widget-container\">\n\t\t\t\t\t<ul class=\"elementor-icon-list-items\">\n\t\t\t\t\t\t\t<li class=\"elementor-icon-list-item\">\n\t\t\t\t\t\t\t\t\t\t\t<span class=\"elementor-icon-list-icon\">\n\t\t\t\t\t\t\t<i aria-hidden=\"true\" class=\"icon icon-checked\"><\/i>\t\t\t\t\t\t<\/span>\n\t\t\t\t\t\t\t\t\t\t<span class=\"elementor-icon-list-text\">Dr hab. n. med. Maciej Pilecki<\/span>\n\t\t\t\t\t\t\t\t\t<\/li>\n\t\t\t\t\t\t\t\t<li class=\"elementor-icon-list-item\">\n\t\t\t\t\t\t\t\t\t\t\t<span class=\"elementor-icon-list-icon\">\n\t\t\t\t\t\t\t<i aria-hidden=\"true\" class=\"icon icon-checked\"><\/i>\t\t\t\t\t\t<\/span>\n\t\t\t\t\t\t\t\t\t\t<span class=\"elementor-icon-list-text\">Dr n. hum. Katarzyna Sitnik-Warchulska<\/span>\n\t\t\t\t\t\t\t\t\t<\/li>\n\t\t\t\t\t\t\t\t<li class=\"elementor-icon-list-item\">\n\t\t\t\t\t\t\t\t\t\t\t<span class=\"elementor-icon-list-icon\">\n\t\t\t\t\t\t\t<i aria-hidden=\"true\" class=\"icon icon-checked\"><\/i>\t\t\t\t\t\t<\/span>\n\t\t\t\t\t\t\t\t\t\t<span class=\"elementor-icon-list-text\">Mgr Magdalena Skuza<\/span>\n\t\t\t\t\t\t\t\t\t<\/li>\n\t\t\t\t\t\t\t\t<li class=\"elementor-icon-list-item\">\n\t\t\t\t\t\t\t\t\t\t\t<span class=\"elementor-icon-list-icon\">\n\t\t\t\t\t\t\t<i aria-hidden=\"true\" class=\"icon icon-checked\"><\/i>\t\t\t\t\t\t<\/span>\n\t\t\t\t\t\t\t\t\t\t<span class=\"elementor-icon-list-text\">Prof. dr hab. n. med. Agnieszka S\u0142opie\u0144<\/span>\n\t\t\t\t\t\t\t\t\t<\/li>\n\t\t\t\t\t\t\t\t<li class=\"elementor-icon-list-item\">\n\t\t\t\t\t\t\t\t\t\t\t<span class=\"elementor-icon-list-icon\">\n\t\t\t\t\t\t\t<i aria-hidden=\"true\" class=\"icon icon-checked\"><\/i>\t\t\t\t\t\t<\/span>\n\t\t\t\t\t\t\t\t\t\t<span class=\"elementor-icon-list-text\">Dr n. med. Tomasz Srebnicki<\/span>\n\t\t\t\t\t\t\t\t\t<\/li>\n\t\t\t\t\t\t\t\t<li class=\"elementor-icon-list-item\">\n\t\t\t\t\t\t\t\t\t\t\t<span class=\"elementor-icon-list-icon\">\n\t\t\t\t\t\t\t<i aria-hidden=\"true\" class=\"icon icon-checked\"><\/i>\t\t\t\t\t\t<\/span>\n\t\t\t\t\t\t\t\t\t\t<span class=\"elementor-icon-list-text\">Dr n. med. n. o zdr. Nina Szalas<\/span>\n\t\t\t\t\t\t\t\t\t<\/li>\n\t\t\t\t\t\t\t\t<li class=\"elementor-icon-list-item\">\n\t\t\t\t\t\t\t\t\t\t\t<span class=\"elementor-icon-list-icon\">\n\t\t\t\t\t\t\t<i aria-hidden=\"true\" class=\"icon icon-checked\"><\/i>\t\t\t\t\t\t<\/span>\n\t\t\t\t\t\t\t\t\t\t<span class=\"elementor-icon-list-text\">Dr hab. n. med. Monika Szewczuk-Bogus\u0142awska<\/span>\n\t\t\t\t\t\t\t\t\t<\/li>\n\t\t\t\t\t\t\t\t<li class=\"elementor-icon-list-item\">\n\t\t\t\t\t\t\t\t\t\t\t<span class=\"elementor-icon-list-icon\">\n\t\t\t\t\t\t\t<i aria-hidden=\"true\" class=\"icon icon-checked\"><\/i>\t\t\t\t\t\t<\/span>\n\t\t\t\t\t\t\t\t\t\t<span class=\"elementor-icon-list-text\">Dr hab. n. med. Marta Tyszkiewicz-Nwafor<\/span>\n\t\t\t\t\t\t\t\t\t<\/li>\n\t\t\t\t\t\t\t\t<li class=\"elementor-icon-list-item\">\n\t\t\t\t\t\t\t\t\t\t\t<span class=\"elementor-icon-list-icon\">\n\t\t\t\t\t\t\t<i aria-hidden=\"true\" class=\"icon icon-checked\"><\/i>\t\t\t\t\t\t<\/span>\n\t\t\t\t\t\t\t\t\t\t<span class=\"elementor-icon-list-text\">Prof. dr hab. n. med. Tomasz Wola\u0144czyk<\/span>\n\t\t\t\t\t\t\t\t\t<\/li>\n\t\t\t\t\t\t<\/ul>\n\t\t\t\t<\/div>\n\t\t\t\t<\/div>\n\t\t\t\t<\/div>\n\t\t\t\t\t<\/div>\n\t\t\t\t<\/div>\n\t\t\t\t<\/div>\n\t\t","protected":false},"excerpt":{"rendered":"<p>Prof. dr hab. n. med. n. o zdr. Anita Bry\u0144ska Prof. dr hab. n. spo\u0142. Bernadetta Izydorczyk Prof. dr hab. n. med. Ma\u0142gorzata Janas-Kozik Dr n. o zdr. Anna Ka\u017amierczak-Mytkowska Dr n. med. n. o zdr. \u0141ukasz Konowa\u0142ek Dr n. med. Aleksandra Lewandowska Mgr Semko Lipiec Prof. dr hab. Ma\u0142gorzata Lipowska Dr n. med. Anna [&hellip;]<\/p>\n","protected":false},"author":2,"featured_media":0,"parent":0,"menu_order":0,"comment_status":"closed","ping_status":"closed","template":"","meta":{"footnotes":""},"class_list":["post-313","page","type-page","status-publish","hentry"],"yoast_head":"<!-- This site is optimized with the Yoast SEO plugin v23.6 - https:\/\/yoast.com\/wordpress\/plugins\/seo\/ -->\n<title>Komitet naukowy - TPPPTS<\/title>\n<meta name=\"robots\" content=\"index, follow, max-snippet:-1, max-image-preview:large, max-video-preview:-1\" \/>\n<link rel=\"canonical\" href=\"https:\/\/tpppts.pl\/konferencja\/komitet-naukowy\/\" \/>\n<meta property=\"og:locale\" content=\"pl_PL\" \/>\n<meta property=\"og:type\" content=\"article\" \/>\n<meta property=\"og:title\" content=\"Komitet naukowy - TPPPTS\" \/>\n<meta property=\"og:description\" content=\"Prof. dr hab. n. med. n. o zdr. Anita Bry\u0144ska Prof. dr hab. n. spo\u0142. Bernadetta Izydorczyk Prof. dr hab. n. med. Ma\u0142gorzata Janas-Kozik Dr n. o zdr. Anna Ka\u017amierczak-Mytkowska Dr n. med. n. o zdr. \u0141ukasz Konowa\u0142ek Dr n. med. Aleksandra Lewandowska Mgr Semko Lipiec Prof. dr hab. Ma\u0142gorzata Lipowska Dr n. med. Anna [&hellip;]\" \/>\n<meta property=\"og:url\" content=\"https:\/\/tpppts.pl\/konferencja\/komitet-naukowy\/\" \/>\n<meta property=\"og:site_name\" content=\"TPPPTS\" \/>\n<meta property=\"article:modified_time\" content=\"2024-10-10T10:11:35+00:00\" \/>\n<meta name=\"twitter:card\" content=\"summary_large_image\" \/>\n<meta name=\"twitter:label1\" content=\"Szacowany czas czytania\" \/>\n\t<meta name=\"twitter:data1\" content=\"1 minuta\" \/>\n<script type=\"application\/ld+json\" class=\"yoast-schema-graph\">{\"@context\":\"https:\/\/schema.org\",\"@graph\":[{\"@type\":\"WebPage\",\"@id\":\"https:\/\/tpppts.pl\/konferencja\/komitet-naukowy\/\",\"url\":\"https:\/\/tpppts.pl\/konferencja\/komitet-naukowy\/\",\"name\":\"Komitet naukowy - TPPPTS\",\"isPartOf\":{\"@id\":\"https:\/\/tpppts.pl\/konferencja\/#website\"},\"datePublished\":\"2024-10-10T10:06:15+00:00\",\"dateModified\":\"2024-10-10T10:11:35+00:00\",\"breadcrumb\":{\"@id\":\"https:\/\/tpppts.pl\/konferencja\/komitet-naukowy\/#breadcrumb\"},\"inLanguage\":\"pl-PL\",\"potentialAction\":[{\"@type\":\"ReadAction\",\"target\":[\"https:\/\/tpppts.pl\/konferencja\/komitet-naukowy\/\"]}]},{\"@type\":\"BreadcrumbList\",\"@id\":\"https:\/\/tpppts.pl\/konferencja\/komitet-naukowy\/#breadcrumb\",\"itemListElement\":[{\"@type\":\"ListItem\",\"position\":1,\"name\":\"Strona g\u0142\u00f3wna\",\"item\":\"https:\/\/tpppts.pl\/konferencja\/\"},{\"@type\":\"ListItem\",\"position\":2,\"name\":\"Komitet naukowy\"}]},{\"@type\":\"WebSite\",\"@id\":\"https:\/\/tpppts.pl\/konferencja\/#website\",\"url\":\"https:\/\/tpppts.pl\/konferencja\/\",\"name\":\"TPPPTS\",\"description\":\"\",\"potentialAction\":[{\"@type\":\"SearchAction\",\"target\":{\"@type\":\"EntryPoint\",\"urlTemplate\":\"https:\/\/tpppts.pl\/konferencja\/?s={search_term_string}\"},\"query-input\":{\"@type\":\"PropertyValueSpecification\",\"valueRequired\":true,\"valueName\":\"search_term_string\"}}],\"inLanguage\":\"pl-PL\"}]}<\/script>\n<!-- \/ Yoast SEO plugin. -->","yoast_head_json":{"title":"Komitet naukowy - TPPPTS","robots":{"index":"index","follow":"follow","max-snippet":"max-snippet:-1","max-image-preview":"max-image-preview:large","max-video-preview":"max-video-preview:-1"},"canonical":"https:\/\/tpppts.pl\/konferencja\/komitet-naukowy\/","og_locale":"pl_PL","og_type":"article","og_title":"Komitet naukowy - TPPPTS","og_description":"Prof. dr hab. n. med. n. o zdr. Anita Bry\u0144ska Prof. dr hab. n. spo\u0142. Bernadetta Izydorczyk Prof. dr hab. n. med. Ma\u0142gorzata Janas-Kozik Dr n. o zdr. Anna Ka\u017amierczak-Mytkowska Dr n. med. n. o zdr. \u0141ukasz Konowa\u0142ek Dr n. med. Aleksandra Lewandowska Mgr Semko Lipiec Prof. dr hab. Ma\u0142gorzata Lipowska Dr n. med. Anna [&hellip;]","og_url":"https:\/\/tpppts.pl\/konferencja\/komitet-naukowy\/","og_site_name":"TPPPTS","article_modified_time":"2024-10-10T10:11:35+00:00","twitter_card":"summary_large_image","twitter_misc":{"Szacowany czas czytania":"1 minuta"},"schema":{"@context":"https:\/\/schema.org","@graph":[{"@type":"WebPage","@id":"https:\/\/tpppts.pl\/konferencja\/komitet-naukowy\/","url":"https:\/\/tpppts.pl\/konferencja\/komitet-naukowy\/","name":"Komitet naukowy - TPPPTS","isPartOf":{"@id":"https:\/\/tpppts.pl\/konferencja\/#website"},"datePublished":"2024-10-10T10:06:15+00:00","dateModified":"2024-10-10T10:11:35+00:00","breadcrumb":{"@id":"https:\/\/tpppts.pl\/konferencja\/komitet-naukowy\/#breadcrumb"},"inLanguage":"pl-PL","potentialAction":[{"@type":"ReadAction","target":["https:\/\/tpppts.pl\/konferencja\/komitet-naukowy\/"]}]},{"@type":"BreadcrumbList","@id":"https:\/\/tpppts.pl\/konferencja\/komitet-naukowy\/#breadcrumb","itemListElement":[{"@type":"ListItem","position":1,"name":"Strona g\u0142\u00f3wna","item":"https:\/\/tpppts.pl\/konferencja\/"},{"@type":"ListItem","position":2,"name":"Komitet naukowy"}]},{"@type":"WebSite","@id":"https:\/\/tpppts.pl\/konferencja\/#website","url":"https:\/\/tpppts.pl\/konferencja\/","name":"TPPPTS","description":"","potentialAction":[{"@type":"SearchAction","target":{"@type":"EntryPoint","urlTemplate":"https:\/\/tpppts.pl\/konferencja\/?s={search_term_string}"},"query-input":{"@type":"PropertyValueSpecification","valueRequired":true,"valueName":"search_term_string"}}],"inLanguage":"pl-PL"}]}},"_links":{"self":[{"href":"https:\/\/tpppts.pl\/konferencja\/wp-json\/wp\/v2\/pages\/313","targetHints":{"allow":["GET"]}}],"collection":[{"href":"https:\/\/tpppts.pl\/konferencja\/wp-json\/wp\/v2\/pages"}],"about":[{"href":"https:\/\/tpppts.pl\/konferencja\/wp-json\/wp\/v2\/types\/page"}],"author":[{"embeddable":true,"href":"https:\/\/tpppts.pl\/konferencja\/wp-json\/wp\/v2\/users\/2"}],"replies":[{"embeddable":true,"href":"https:\/\/tpppts.pl\/konferencja\/wp-json\/wp\/v2\/comments?post=313"}],"version-history":[{"count":4,"href":"https:\/\/tpppts.pl\/konferencja\/wp-json\/wp\/v2\/pages\/313\/revisions"}],"predecessor-version":[{"id":317,"href":"https:\/\/tpppts.pl\/konferencja\/wp-json\/wp\/v2\/pages\/313\/revisions\/317"}],"wp:attachment":[{"href":"https:\/\/tpppts.pl\/konferencja\/wp-json\/wp\/v2\/media?parent=313"}],"curies":[{"name":"wp","href":"https:\/\/api.w.org\/{rel}","templated":true}]}}